{"id":98,"date":"2015-10-06T10:03:09","date_gmt":"2015-10-06T08:03:09","guid":{"rendered":"http:\/\/localhost\/optilo\/?page_id=98"},"modified":"2017-07-19T13:14:24","modified_gmt":"2017-07-19T11:14:24","slug":"chemicals","status":"publish","type":"page","link":"https:\/\/optilo.eu\/pl\/chemicals\/","title":{"rendered":"Bran\u017ca chemiczna"},"content":{"rendered":"<p>Wysoki udzia\u0142 koszt\u00f3w transportu produkt\u00f3w chemicznych jest cz\u0119sto barier\u0105 jego rozwoju. Koszty s\u0105 zr\u00f3\u017cnicowane w zale\u017cno\u015bci od rodzaju transportu, od odleg\u0142o\u015bci i masy przewo\u017conego towaru. Przy planowaniu \u015brodk\u00f3w transportu musimy bra\u0107 pod uwag\u0119 ci\u0119\u017car \u0142adunku, kt\u00f3ry decyduje o tym, czy ekonomiczniej jest przewozi\u0107 go kolej\u0105 czy samochodem.<\/p>","protected":false},"excerpt":{"rendered":"<p>Wysoki udzia\u0142 koszt\u00f3w transportu produkt\u00f3w chemicznych jest cz\u0119sto barier\u0105 jego rozwoju. Koszty s\u0105 zr\u00f3\u017cnicowane w zale\u017cno\u015bci od rodzaju transportu, od odleg\u0142o\u015bci i masy przewo\u017conego towaru. Przy planowaniu \u015brodk\u00f3w transportu musimy bra\u0107 pod uwag\u0119 ci\u0119\u017car \u0142adunku, kt\u00f3ry decyduje o tym, czy ekonomiczniej jest przewozi\u0107 go kolej\u0105 czy samochodem.<\/p>\n","protected":false},"author":1,"featured_media":607,"parent":0,"menu_order":0,"comment_status":"closed","ping_status":"closed","template":"podstrona.php","meta":{"_acf_changed":false,"footnotes":""},"class_list":["post-98","page","type-page","status-publish","has-post-thumbnail","hentry"],"acf":[],"_links":{"self":[{"href":"https:\/\/optilo.eu\/pl\/wp-json\/wp\/v2\/pages\/98","targetHints":{"allow":["GET"]}}],"collection":[{"href":"https:\/\/optilo.eu\/pl\/wp-json\/wp\/v2\/pages"}],"about":[{"href":"https:\/\/optilo.eu\/pl\/wp-json\/wp\/v2\/types\/page"}],"author":[{"embeddable":true,"href":"https:\/\/optilo.eu\/pl\/wp-json\/wp\/v2\/users\/1"}],"replies":[{"embeddable":true,"href":"https:\/\/optilo.eu\/pl\/wp-json\/wp\/v2\/comments?post=98"}],"version-history":[{"count":13,"href":"https:\/\/optilo.eu\/pl\/wp-json\/wp\/v2\/pages\/98\/revisions"}],"predecessor-version":[{"id":1914,"href":"https:\/\/optilo.eu\/pl\/wp-json\/wp\/v2\/pages\/98\/revisions\/1914"}],"wp:featuredmedia":[{"embeddable":true,"href":"https:\/\/optilo.eu\/pl\/wp-json\/wp\/v2\/media\/607"}],"wp:attachment":[{"href":"https:\/\/optilo.eu\/pl\/wp-json\/wp\/v2\/media?parent=98"}],"curies":[{"name":"wp","href":"https:\/\/api.w.org\/{rel}","templated":true}]}}