{"id":97,"date":"2015-10-06T10:02:03","date_gmt":"2015-10-06T08:02:03","guid":{"rendered":"http:\/\/localhost\/optilo\/?page_id=97"},"modified":"2017-07-19T13:26:43","modified_gmt":"2017-07-19T11:26:43","slug":"logistic-operators","status":"publish","type":"page","link":"https:\/\/optilo.eu\/pl\/logistic-operators\/","title":{"rendered":"Operatorzy logistyczni"},"content":{"rendered":"<p>Obserwuj\u0105c dynamiczny rozw\u00f3j rynk\u00f3w, zauwa\u017cy\u0107 mo\u017cna coraz silniejsze przep\u0142ywy strumieni towarowych. Klienci coraz cz\u0119\u015bciej wymagaj\u0105 dostaw w systemie door-to-door. Narastaj\u0105ca specjalizacja produkcji, mnogo\u015b\u0107 ma\u0142ych i \u015brednich firm rodzi zapotrzebowanie na organizacje przesy\u0142ek drobnicowych. Ponadto ca\u0142y czas rosn\u0105 wymagania Klient\u00f3w w zakresie czasu dostawy, dyspozycyjno\u015bci \u015brodk\u00f3w transportowych, dba\u0142o\u015bci o towar w czasie transportu oraz kompleksowo\u015bci \u015bwiadczonych us\u0142ug, nie tylko transportowych, przy jednocze\u015bnie niskiej cenie. Wielkie wyzwania przed operatorem logistycznym, kt\u00f3ry musi by\u0107 jednocze\u015bnie szybki, wydajny, otwarty na wymian\u0119 danych, przestrzega\u0107 ogranicze\u0144 administracyjnych i by\u0107 korzystny cenowo.<\/p>","protected":false},"excerpt":{"rendered":"<p>Obserwuj\u0105c dynamiczny rozw\u00f3j rynk\u00f3w, zauwa\u017cy\u0107 mo\u017cna coraz silniejsze przep\u0142ywy strumieni towarowych. Klienci coraz cz\u0119\u015bciej wymagaj\u0105 dostaw w systemie door-to-door. Narastaj\u0105ca specjalizacja produkcji, mnogo\u015b\u0107 ma\u0142ych i \u015brednich firm rodzi zapotrzebowanie na organizacje przesy\u0142ek drobnicowych. Ponadto ca\u0142y czas rosn\u0105 wymagania Klient\u00f3w w zakresie czasu dostawy, dyspozycyjno\u015bci \u015brodk\u00f3w transportowych, dba\u0142o\u015bci o towar w czasie transportu oraz kompleksowo\u015bci \u015bwiadczonych [&hellip;]<\/p>\n","protected":false},"author":1,"featured_media":611,"parent":0,"menu_order":0,"comment_status":"closed","ping_status":"closed","template":"podstrona.php","meta":{"_acf_changed":false,"footnotes":""},"class_list":["post-97","page","type-page","status-publish","has-post-thumbnail","hentry"],"acf":[],"_links":{"self":[{"href":"https:\/\/optilo.eu\/pl\/wp-json\/wp\/v2\/pages\/97","targetHints":{"allow":["GET"]}}],"collection":[{"href":"https:\/\/optilo.eu\/pl\/wp-json\/wp\/v2\/pages"}],"about":[{"href":"https:\/\/optilo.eu\/pl\/wp-json\/wp\/v2\/types\/page"}],"author":[{"embeddable":true,"href":"https:\/\/optilo.eu\/pl\/wp-json\/wp\/v2\/users\/1"}],"replies":[{"embeddable":true,"href":"https:\/\/optilo.eu\/pl\/wp-json\/wp\/v2\/comments?post=97"}],"version-history":[{"count":18,"href":"https:\/\/optilo.eu\/pl\/wp-json\/wp\/v2\/pages\/97\/revisions"}],"predecessor-version":[{"id":1921,"href":"https:\/\/optilo.eu\/pl\/wp-json\/wp\/v2\/pages\/97\/revisions\/1921"}],"wp:featuredmedia":[{"embeddable":true,"href":"https:\/\/optilo.eu\/pl\/wp-json\/wp\/v2\/media\/611"}],"wp:attachment":[{"href":"https:\/\/optilo.eu\/pl\/wp-json\/wp\/v2\/media?parent=97"}],"curies":[{"name":"wp","href":"https:\/\/api.w.org\/{rel}","templated":true}]}}