{"id":4,"date":"2015-10-01T11:29:29","date_gmt":"2015-10-01T09:29:29","guid":{"rendered":"http:\/\/localhost\/optilo\/?page_id=4"},"modified":"2017-07-19T13:28:06","modified_gmt":"2017-07-19T11:28:06","slug":"main-page","status":"publish","type":"page","link":"https:\/\/optilo.eu\/pl\/","title":{"rendered":"Strona g\u0142\u00f3wna"},"content":{"rendered":"<p><\/p>\n<ul>\n<li>Strategia i operacja<\/li>\n<li>Jeden system<\/li>\n<li>Dost\u0119pne w modelu SaaS<\/li>\n<li>Finansowe oszcz\u0119dno\u015bci:\n<ul>\n<li>Do 95% automatyzacji<\/li>\n<li>Do 25% redukcji koszt\u00f3w logistyki<\/li>\n<li>Do 35% szybszy proces planowania<\/li>\n<li>Do 100% gwarancji trafnego doboru floty i przewo\u017anika<\/li>\n<\/ul>\n<\/li>\n<\/ul>\n<p><\/p>","protected":false},"excerpt":{"rendered":"<p>Strategia i operacja Jeden system Dost\u0119pne w modelu SaaS Finansowe oszcz\u0119dno\u015bci: Do 95% automatyzacji Do 25% redukcji koszt\u00f3w logistyki Do 35% szybszy proces planowania Do 100% gwarancji trafnego doboru floty i przewo\u017anika<\/p>\n","protected":false},"author":1,"featured_media":0,"parent":0,"menu_order":0,"comment_status":"closed","ping_status":"closed","template":"use-front.php","meta":{"_acf_changed":false,"footnotes":""},"class_list":["post-4","page","type-page","status-publish","hentry"],"acf":[],"_links":{"self":[{"href":"https:\/\/optilo.eu\/pl\/wp-json\/wp\/v2\/pages\/4","targetHints":{"allow":["GET"]}}],"collection":[{"href":"https:\/\/optilo.eu\/pl\/wp-json\/wp\/v2\/pages"}],"about":[{"href":"https:\/\/optilo.eu\/pl\/wp-json\/wp\/v2\/types\/page"}],"author":[{"embeddable":true,"href":"https:\/\/optilo.eu\/pl\/wp-json\/wp\/v2\/users\/1"}],"replies":[{"embeddable":true,"href":"https:\/\/optilo.eu\/pl\/wp-json\/wp\/v2\/comments?post=4"}],"version-history":[{"count":45,"href":"https:\/\/optilo.eu\/pl\/wp-json\/wp\/v2\/pages\/4\/revisions"}],"predecessor-version":[{"id":1908,"href":"https:\/\/optilo.eu\/pl\/wp-json\/wp\/v2\/pages\/4\/revisions\/1908"}],"wp:attachment":[{"href":"https:\/\/optilo.eu\/pl\/wp-json\/wp\/v2\/media?parent=4"}],"curies":[{"name":"wp","href":"https:\/\/api.w.org\/{rel}","templated":true}]}}