{"id":157,"date":"2015-10-07T21:39:27","date_gmt":"2015-10-07T19:39:27","guid":{"rendered":"http:\/\/localhost\/optilo\/?page_id=157"},"modified":"2017-07-19T13:12:52","modified_gmt":"2017-07-19T11:12:52","slug":"carrier-portal","status":"publish","type":"page","link":"https:\/\/optilo.eu\/pl\/carrier-portal\/","title":{"rendered":"Aplikacja dla Przewo\u017anika"},"content":{"rendered":"<p>Du\u017cy obszar dostaw, wiele tras i r\u00f3\u017cnorodno\u015b\u0107 \u015brodk\u00f3w transportu, \u015bcis\u0142e regulacje prawne, celne, zarz\u0105dzanie \u015brodkami i zasobami ludzkimi, wsp\u00f3\u0142praca z wieloma przewo\u017anikami, dob\u00f3r odpowiedniego \u015brodka transportu sprawia, \u017ce firma spedycyjna dzia\u0142a pod du\u017c\u0105 presj\u0105 i musi znale\u017a\u0107 najbardziej efektywny spos\u00f3b na bezpieczne i terminowe dostarczenie towaru do finalnego nabywcy, przedstawiaj\u0105c jednocze\u015bnie atrakcyjn\u0105 ofert\u0119 dla Klienta, jak i ograniczaj\u0105c w\u0142asne koszty.<\/p>","protected":false},"excerpt":{"rendered":"<p>Du\u017cy obszar dostaw, wiele tras i r\u00f3\u017cnorodno\u015b\u0107 \u015brodk\u00f3w transportu, \u015bcis\u0142e regulacje prawne, celne, zarz\u0105dzanie \u015brodkami i zasobami ludzkimi, wsp\u00f3\u0142praca z wieloma przewo\u017anikami, dob\u00f3r odpowiedniego \u015brodka transportu sprawia, \u017ce firma spedycyjna dzia\u0142a pod du\u017c\u0105 presj\u0105 i musi znale\u017a\u0107 najbardziej efektywny spos\u00f3b na bezpieczne i terminowe dostarczenie towaru do finalnego nabywcy, przedstawiaj\u0105c jednocze\u015bnie atrakcyjn\u0105 ofert\u0119 dla Klienta, [&hellip;]<\/p>\n","protected":false},"author":1,"featured_media":1195,"parent":0,"menu_order":0,"comment_status":"closed","ping_status":"closed","template":"podstrona.php","meta":{"_acf_changed":false,"footnotes":""},"class_list":["post-157","page","type-page","status-publish","has-post-thumbnail","hentry"],"acf":[],"_links":{"self":[{"href":"https:\/\/optilo.eu\/pl\/wp-json\/wp\/v2\/pages\/157","targetHints":{"allow":["GET"]}}],"collection":[{"href":"https:\/\/optilo.eu\/pl\/wp-json\/wp\/v2\/pages"}],"about":[{"href":"https:\/\/optilo.eu\/pl\/wp-json\/wp\/v2\/types\/page"}],"author":[{"embeddable":true,"href":"https:\/\/optilo.eu\/pl\/wp-json\/wp\/v2\/users\/1"}],"replies":[{"embeddable":true,"href":"https:\/\/optilo.eu\/pl\/wp-json\/wp\/v2\/comments?post=157"}],"version-history":[{"count":10,"href":"https:\/\/optilo.eu\/pl\/wp-json\/wp\/v2\/pages\/157\/revisions"}],"predecessor-version":[{"id":1913,"href":"https:\/\/optilo.eu\/pl\/wp-json\/wp\/v2\/pages\/157\/revisions\/1913"}],"wp:featuredmedia":[{"embeddable":true,"href":"https:\/\/optilo.eu\/pl\/wp-json\/wp\/v2\/media\/1195"}],"wp:attachment":[{"href":"https:\/\/optilo.eu\/pl\/wp-json\/wp\/v2\/media?parent=157"}],"curies":[{"name":"wp","href":"https:\/\/api.w.org\/{rel}","templated":true}]}}