{"id":156,"date":"2015-10-07T21:37:58","date_gmt":"2015-10-07T19:37:58","guid":{"rendered":"http:\/\/localhost\/optilo\/?page_id=156"},"modified":"2017-07-19T13:20:24","modified_gmt":"2017-07-19T11:20:24","slug":"drivers-application","status":"publish","type":"page","link":"https:\/\/optilo.eu\/pl\/drivers-application\/","title":{"rendered":"Aplikacja dla kierowcy"},"content":{"rendered":"<p>Dzi\u0119ki nowoczesnej technologii wymiana informacji pomi\u0119dzy uczestnikami proces\u00f3w logistycznych jest prosta i efektywna. Kosztowne i czasoch\u0142onne formy komunikacji mailowych i telefonicznych s\u0105 coraz rzadziej wykorzystywane. Rozw\u00f3j technologiczny GSM spowodowa\u0142, \u017ce telefony kom\u00f3rkowe sta\u0142y si\u0119 przeno\u015bnymi komputerami z szerok\u0105 gam\u0105 mo\u017cliwo\u015bci. Rozw\u00f3j infrastruktury telekomunikacyjnej spowodowa\u0142 powszechny i tani dost\u0119p do us\u0142ugi transmisji danych.<\/p>","protected":false},"excerpt":{"rendered":"<p>Dzi\u0119ki nowoczesnej technologii wymiana informacji pomi\u0119dzy uczestnikami proces\u00f3w logistycznych jest prosta i efektywna. Kosztowne i czasoch\u0142onne formy komunikacji mailowych i telefonicznych s\u0105 coraz rzadziej wykorzystywane. Rozw\u00f3j technologiczny GSM spowodowa\u0142, \u017ce telefony kom\u00f3rkowe sta\u0142y si\u0119 przeno\u015bnymi komputerami z szerok\u0105 gam\u0105 mo\u017cliwo\u015bci. Rozw\u00f3j infrastruktury telekomunikacyjnej spowodowa\u0142 powszechny i tani dost\u0119p do us\u0142ugi transmisji danych.<\/p>\n","protected":false},"author":1,"featured_media":1084,"parent":0,"menu_order":0,"comment_status":"closed","ping_status":"closed","template":"podstrona.php","meta":{"_acf_changed":false,"footnotes":""},"class_list":["post-156","page","type-page","status-publish","has-post-thumbnail","hentry"],"acf":[],"_links":{"self":[{"href":"https:\/\/optilo.eu\/pl\/wp-json\/wp\/v2\/pages\/156","targetHints":{"allow":["GET"]}}],"collection":[{"href":"https:\/\/optilo.eu\/pl\/wp-json\/wp\/v2\/pages"}],"about":[{"href":"https:\/\/optilo.eu\/pl\/wp-json\/wp\/v2\/types\/page"}],"author":[{"embeddable":true,"href":"https:\/\/optilo.eu\/pl\/wp-json\/wp\/v2\/users\/1"}],"replies":[{"embeddable":true,"href":"https:\/\/optilo.eu\/pl\/wp-json\/wp\/v2\/comments?post=156"}],"version-history":[{"count":12,"href":"https:\/\/optilo.eu\/pl\/wp-json\/wp\/v2\/pages\/156\/revisions"}],"predecessor-version":[{"id":1916,"href":"https:\/\/optilo.eu\/pl\/wp-json\/wp\/v2\/pages\/156\/revisions\/1916"}],"wp:featuredmedia":[{"embeddable":true,"href":"https:\/\/optilo.eu\/pl\/wp-json\/wp\/v2\/media\/1084"}],"wp:attachment":[{"href":"https:\/\/optilo.eu\/pl\/wp-json\/wp\/v2\/media?parent=156"}],"curies":[{"name":"wp","href":"https:\/\/api.w.org\/{rel}","templated":true}]}}