{"id":155,"date":"2015-10-07T21:36:48","date_gmt":"2015-10-07T19:36:48","guid":{"rendered":"http:\/\/localhost\/optilo\/?page_id=155"},"modified":"2017-07-19T12:53:17","modified_gmt":"2017-07-19T10:53:17","slug":"subcontractor-portal","status":"publish","type":"page","link":"https:\/\/optilo.eu\/pl\/subcontractor-portal\/","title":{"rendered":"Portal dla Podwykonawc\u00f3w"},"content":{"rendered":"<p>Jednym z problem\u00f3w na styku dyspozytor-przewo\u017anik jest problem komunikacji, kt\u00f3ry obejmuje tematy zwi\u0105zane z przekazywaniem przewo\u017anikom informacji o planowanym transporcie, ustalaniem warunk\u00f3w i cen \u015bwiadczonych us\u0142ug, wyb\u00f3r konkretnej firmy przewozowej, jak r\u00f3wnie\u017c ca\u0142y proces zwi\u0105zany z rozliczaniem i weryfikacj\u0105 faktur za wykonane us\u0142ugi. Bior\u0105c pod uwag\u0119 fakt, \u017ce w ci\u0105gu jednego dnia mo\u017ce by\u0107 realizowana du\u017ca liczba r\u00f3\u017cnych rodzaj\u00f3w transport\u00f3w, element ten staje si\u0119 niezwykle istotny w ca\u0142ym procesie logistycznym.<\/p>","protected":false},"excerpt":{"rendered":"<p>Jednym z problem\u00f3w na styku dyspozytor-przewo\u017anik jest problem komunikacji, kt\u00f3ry obejmuje tematy zwi\u0105zane z przekazywaniem przewo\u017anikom informacji o planowanym transporcie, ustalaniem warunk\u00f3w i cen \u015bwiadczonych us\u0142ug, wyb\u00f3r konkretnej firmy przewozowej, jak r\u00f3wnie\u017c ca\u0142y proces zwi\u0105zany z rozliczaniem i weryfikacj\u0105 faktur za wykonane us\u0142ugi. Bior\u0105c pod uwag\u0119 fakt, \u017ce w ci\u0105gu jednego dnia mo\u017ce by\u0107 realizowana [&hellip;]<\/p>\n","protected":false},"author":1,"featured_media":1193,"parent":0,"menu_order":0,"comment_status":"closed","ping_status":"closed","template":"podstrona.php","meta":{"_acf_changed":false,"footnotes":""},"class_list":["post-155","page","type-page","status-publish","has-post-thumbnail","hentry"],"acf":[],"_links":{"self":[{"href":"https:\/\/optilo.eu\/pl\/wp-json\/wp\/v2\/pages\/155","targetHints":{"allow":["GET"]}}],"collection":[{"href":"https:\/\/optilo.eu\/pl\/wp-json\/wp\/v2\/pages"}],"about":[{"href":"https:\/\/optilo.eu\/pl\/wp-json\/wp\/v2\/types\/page"}],"author":[{"embeddable":true,"href":"https:\/\/optilo.eu\/pl\/wp-json\/wp\/v2\/users\/1"}],"replies":[{"embeddable":true,"href":"https:\/\/optilo.eu\/pl\/wp-json\/wp\/v2\/comments?post=155"}],"version-history":[{"count":12,"href":"https:\/\/optilo.eu\/pl\/wp-json\/wp\/v2\/pages\/155\/revisions"}],"predecessor-version":[{"id":1905,"href":"https:\/\/optilo.eu\/pl\/wp-json\/wp\/v2\/pages\/155\/revisions\/1905"}],"wp:featuredmedia":[{"embeddable":true,"href":"https:\/\/optilo.eu\/pl\/wp-json\/wp\/v2\/media\/1193"}],"wp:attachment":[{"href":"https:\/\/optilo.eu\/pl\/wp-json\/wp\/v2\/media?parent=155"}],"curies":[{"name":"wp","href":"https:\/\/api.w.org\/{rel}","templated":true}]}}