{"id":154,"date":"2015-10-07T21:36:14","date_gmt":"2015-10-07T19:36:14","guid":{"rendered":"http:\/\/localhost\/optilo\/?page_id=154"},"modified":"2016-01-28T14:23:31","modified_gmt":"2016-01-28T13:23:31","slug":"yard","status":"publish","type":"page","link":"https:\/\/optilo.eu\/pl\/yard\/","title":{"rendered":"Teren zak\u0142adu"},"content":{"rendered":"<p>Kolejki oczekuj\u0105cych aut przed firm\u0105, kierowcy skar\u017c\u0105cy si\u0119 na d\u0142ugi czas przyj\u0119cia, po\u015bpiech przy za\u0142adunku, zwi\u0119kszaj\u0105ca si\u0119 obsada portierni oraz niewykorzystane moce magazynowe w przypadku braku ruchu to podstawowe problemy ka\u017cdej firmy, wok\u00f3\u0142 kt\u00f3rej ruch samochod\u00f3w ci\u0119\u017carowych jest du\u017cy i kt\u00f3re same zarz\u0105dzaj\u0105 powierzchni\u0105 przyzak\u0142adow\u0105.<\/p>","protected":false},"excerpt":{"rendered":"<p>Kolejki oczekuj\u0105cych aut przed firm\u0105, kierowcy skar\u017c\u0105cy si\u0119 na d\u0142ugi czas przyj\u0119cia, po\u015bpiech przy za\u0142adunku, zwi\u0119kszaj\u0105ca si\u0119 obsada portierni oraz niewykorzystane moce magazynowe w przypadku braku ruchu to podstawowe problemy ka\u017cdej firmy, wok\u00f3\u0142 kt\u00f3rej ruch samochod\u00f3w ci\u0119\u017carowych jest du\u017cy i kt\u00f3re same zarz\u0105dzaj\u0105 powierzchni\u0105 przyzak\u0142adow\u0105.<\/p>\n","protected":false},"author":1,"featured_media":925,"parent":0,"menu_order":0,"comment_status":"closed","ping_status":"closed","template":"podstrona.php","meta":{"_acf_changed":false,"footnotes":""},"class_list":["post-154","page","type-page","status-publish","has-post-thumbnail","hentry"],"acf":[],"_links":{"self":[{"href":"https:\/\/optilo.eu\/pl\/wp-json\/wp\/v2\/pages\/154","targetHints":{"allow":["GET"]}}],"collection":[{"href":"https:\/\/optilo.eu\/pl\/wp-json\/wp\/v2\/pages"}],"about":[{"href":"https:\/\/optilo.eu\/pl\/wp-json\/wp\/v2\/types\/page"}],"author":[{"embeddable":true,"href":"https:\/\/optilo.eu\/pl\/wp-json\/wp\/v2\/users\/1"}],"replies":[{"embeddable":true,"href":"https:\/\/optilo.eu\/pl\/wp-json\/wp\/v2\/comments?post=154"}],"version-history":[{"count":7,"href":"https:\/\/optilo.eu\/pl\/wp-json\/wp\/v2\/pages\/154\/revisions"}],"predecessor-version":[{"id":1662,"href":"https:\/\/optilo.eu\/pl\/wp-json\/wp\/v2\/pages\/154\/revisions\/1662"}],"wp:featuredmedia":[{"embeddable":true,"href":"https:\/\/optilo.eu\/pl\/wp-json\/wp\/v2\/media\/925"}],"wp:attachment":[{"href":"https:\/\/optilo.eu\/pl\/wp-json\/wp\/v2\/media?parent=154"}],"curies":[{"name":"wp","href":"https:\/\/api.w.org\/{rel}","templated":true}]}}