{"id":150,"date":"2015-10-07T21:33:28","date_gmt":"2015-10-07T19:33:28","guid":{"rendered":"http:\/\/localhost\/optilo\/?page_id=150"},"modified":"2017-07-19T13:25:15","modified_gmt":"2017-07-19T11:25:15","slug":"4plsolution","status":"publish","type":"page","link":"https:\/\/optilo.eu\/pl\/4plsolution\/","title":{"rendered":"Internal 4PL"},"content":{"rendered":"<p>Logistyka w produkcji zajmuje si\u0119 planowaniem, organizowaniem i kontrolowaniem przep\u0142ywu surowc\u00f3w, materia\u0142\u00f3w, wyrob\u00f3w gotowych od momentu organizacji zam\u00f3wie\u0144 na surowiec, poprzez magazyny, komunikacj\u0119 z uczestnikami \u0142a\u0144cucha dostaw, a\u017c do dystrybucji, rozlicze\u0144 i kontroli. Uczestniczy tak\u017ce w procesie planowania lokalizacji i budowy fabryki, stref dystrybucyjnych, wyboru partner\u00f3w oraz ca\u0142o\u015bciowej organizacji proces\u00f3w.<br \/>\nPodstawowym celem logistyki w produkcji jest zwi\u0119kszenie mo\u017cliwo\u015bci realizacji i niezawodno\u015bci dostaw przy mo\u017cliwie niskich kosztach logistycznych i produkcyjnych.<br \/>\nDobra organizacja procesu pozwala unikn\u0105\u0107 marnotrawstwa czasu, zasob\u00f3w, przestoj\u00f3w i zb\u0119dnego przezbrajania maszyn, obni\u017caj\u0105c tym samym jednostkowe koszty wytworzenia produkt\u00f3w.<\/p>","protected":false},"excerpt":{"rendered":"<p>Logistyka w produkcji zajmuje si\u0119 planowaniem, organizowaniem i kontrolowaniem przep\u0142ywu surowc\u00f3w, materia\u0142\u00f3w, wyrob\u00f3w gotowych od momentu organizacji zam\u00f3wie\u0144 na surowiec, poprzez magazyny, komunikacj\u0119 z uczestnikami \u0142a\u0144cucha dostaw, a\u017c do dystrybucji, rozlicze\u0144 i kontroli. Uczestniczy tak\u017ce w procesie planowania lokalizacji i budowy fabryki, stref dystrybucyjnych, wyboru partner\u00f3w oraz ca\u0142o\u015bciowej organizacji proces\u00f3w. Podstawowym celem logistyki w produkcji [&hellip;]<\/p>\n","protected":false},"author":1,"featured_media":1197,"parent":0,"menu_order":0,"comment_status":"closed","ping_status":"closed","template":"podstrona.php","meta":{"_acf_changed":false,"footnotes":""},"class_list":["post-150","page","type-page","status-publish","has-post-thumbnail","hentry"],"acf":[],"_links":{"self":[{"href":"https:\/\/optilo.eu\/pl\/wp-json\/wp\/v2\/pages\/150","targetHints":{"allow":["GET"]}}],"collection":[{"href":"https:\/\/optilo.eu\/pl\/wp-json\/wp\/v2\/pages"}],"about":[{"href":"https:\/\/optilo.eu\/pl\/wp-json\/wp\/v2\/types\/page"}],"author":[{"embeddable":true,"href":"https:\/\/optilo.eu\/pl\/wp-json\/wp\/v2\/users\/1"}],"replies":[{"embeddable":true,"href":"https:\/\/optilo.eu\/pl\/wp-json\/wp\/v2\/comments?post=150"}],"version-history":[{"count":12,"href":"https:\/\/optilo.eu\/pl\/wp-json\/wp\/v2\/pages\/150\/revisions"}],"predecessor-version":[{"id":1920,"href":"https:\/\/optilo.eu\/pl\/wp-json\/wp\/v2\/pages\/150\/revisions\/1920"}],"wp:featuredmedia":[{"embeddable":true,"href":"https:\/\/optilo.eu\/pl\/wp-json\/wp\/v2\/media\/1197"}],"wp:attachment":[{"href":"https:\/\/optilo.eu\/pl\/wp-json\/wp\/v2\/media?parent=150"}],"curies":[{"name":"wp","href":"https:\/\/api.w.org\/{rel}","templated":true}]}}