{"id":13,"date":"2015-10-02T09:57:58","date_gmt":"2015-10-02T07:57:58","guid":{"rendered":"http:\/\/localhost\/optilo\/?page_id=13"},"modified":"2017-06-05T15:46:15","modified_gmt":"2017-06-05T13:46:15","slug":"automotive-industry","status":"publish","type":"page","link":"https:\/\/optilo.eu\/pl\/automotive-industry\/","title":{"rendered":"Bran\u017ca Automotive"},"content":{"rendered":"<p>Bran\u017ca automotive to bardzo wymagaj\u0105cy sektor rynku. Cechuje si\u0119 wysokim stopniem skomplikowania i dbaniem o wysok\u0105 jako\u015b\u0107 us\u0142ugi. Z jednej strony m\u00f3wimy o specyficznym i stosunkowo drogim towarze, z drugiej strony obs\u0142uga logistyczna skupia si\u0119 g\u0142\u00f3wnie na zaopatrywaniu fabryk oraz serwis\u00f3w\/hurtowni cz\u0119\u015bci. Te uwarunkowania wymuszaj\u0105 \u015bcis\u0142\u0105 wsp\u00f3\u0142prac\u0119 operatora i wszystkich zainteresowanych stron.<\/p>","protected":false},"excerpt":{"rendered":"<p>Bran\u017ca automotive to bardzo wymagaj\u0105cy sektor rynku. Cechuje si\u0119 wysokim stopniem skomplikowania i dbaniem o wysok\u0105 jako\u015b\u0107 us\u0142ugi. Z jednej strony m\u00f3wimy o specyficznym i stosunkowo drogim towarze, z drugiej strony obs\u0142uga logistyczna skupia si\u0119 g\u0142\u00f3wnie na zaopatrywaniu fabryk oraz serwis\u00f3w\/hurtowni cz\u0119\u015bci. Te uwarunkowania wymuszaj\u0105 \u015bcis\u0142\u0105 wsp\u00f3\u0142prac\u0119 operatora i wszystkich zainteresowanych stron.<\/p>\n","protected":false},"author":1,"featured_media":145,"parent":0,"menu_order":0,"comment_status":"closed","ping_status":"closed","template":"podstrona.php","meta":{"_acf_changed":false,"footnotes":""},"class_list":["post-13","page","type-page","status-publish","has-post-thumbnail","hentry"],"acf":[],"_links":{"self":[{"href":"https:\/\/optilo.eu\/pl\/wp-json\/wp\/v2\/pages\/13","targetHints":{"allow":["GET"]}}],"collection":[{"href":"https:\/\/optilo.eu\/pl\/wp-json\/wp\/v2\/pages"}],"about":[{"href":"https:\/\/optilo.eu\/pl\/wp-json\/wp\/v2\/types\/page"}],"author":[{"embeddable":true,"href":"https:\/\/optilo.eu\/pl\/wp-json\/wp\/v2\/users\/1"}],"replies":[{"embeddable":true,"href":"https:\/\/optilo.eu\/pl\/wp-json\/wp\/v2\/comments?post=13"}],"version-history":[{"count":27,"href":"https:\/\/optilo.eu\/pl\/wp-json\/wp\/v2\/pages\/13\/revisions"}],"predecessor-version":[{"id":1819,"href":"https:\/\/optilo.eu\/pl\/wp-json\/wp\/v2\/pages\/13\/revisions\/1819"}],"wp:featuredmedia":[{"embeddable":true,"href":"https:\/\/optilo.eu\/pl\/wp-json\/wp\/v2\/media\/145"}],"wp:attachment":[{"href":"https:\/\/optilo.eu\/pl\/wp-json\/wp\/v2\/media?parent=13"}],"curies":[{"name":"wp","href":"https:\/\/api.w.org\/{rel}","templated":true}]}}