{"id":128,"date":"2015-10-07T21:31:53","date_gmt":"2015-10-07T19:31:53","guid":{"rendered":"http:\/\/localhost\/optilo\/?page_id=128"},"modified":"2016-01-28T14:34:59","modified_gmt":"2016-01-28T13:34:59","slug":"strategy","status":"publish","type":"page","link":"https:\/\/optilo.eu\/pl\/strategy\/","title":{"rendered":"Strategiczne"},"content":{"rendered":"<p>Wsp\u00f3\u0142czesna gospodarka rynkowa wymusza wiele r\u00f3\u017cnych form i sposob\u00f3w realizacji zada\u0144 na ka\u017cdym etapie \u0142a\u0144cucha dostaw.<br \/>\nDeterminuje to potrzeb\u0119 wyboru w\u0142a\u015bciwej lokalizacji, doboru obiekt\u00f3w logistycznych, partner\u00f3w, r\u00f3\u017cnorodno\u015bci floty ze wzgl\u0119du na z\u0142o\u017cono\u015b\u0107 zada\u0144 i funkcji jakie powinny realizowa\u0107.<\/p>","protected":false},"excerpt":{"rendered":"<p>Wsp\u00f3\u0142czesna gospodarka rynkowa wymusza wiele r\u00f3\u017cnych form i sposob\u00f3w realizacji zada\u0144 na ka\u017cdym etapie \u0142a\u0144cucha dostaw. Determinuje to potrzeb\u0119 wyboru w\u0142a\u015bciwej lokalizacji, doboru obiekt\u00f3w logistycznych, partner\u00f3w, r\u00f3\u017cnorodno\u015bci floty ze wzgl\u0119du na z\u0142o\u017cono\u015b\u0107 zada\u0144 i funkcji jakie powinny realizowa\u0107.<\/p>\n","protected":false},"author":1,"featured_media":758,"parent":0,"menu_order":0,"comment_status":"closed","ping_status":"closed","template":"podstrona.php","meta":{"_acf_changed":false,"footnotes":""},"class_list":["post-128","page","type-page","status-publish","has-post-thumbnail","hentry"],"acf":[],"_links":{"self":[{"href":"https:\/\/optilo.eu\/pl\/wp-json\/wp\/v2\/pages\/128","targetHints":{"allow":["GET"]}}],"collection":[{"href":"https:\/\/optilo.eu\/pl\/wp-json\/wp\/v2\/pages"}],"about":[{"href":"https:\/\/optilo.eu\/pl\/wp-json\/wp\/v2\/types\/page"}],"author":[{"embeddable":true,"href":"https:\/\/optilo.eu\/pl\/wp-json\/wp\/v2\/users\/1"}],"replies":[{"embeddable":true,"href":"https:\/\/optilo.eu\/pl\/wp-json\/wp\/v2\/comments?post=128"}],"version-history":[{"count":8,"href":"https:\/\/optilo.eu\/pl\/wp-json\/wp\/v2\/pages\/128\/revisions"}],"predecessor-version":[{"id":1664,"href":"https:\/\/optilo.eu\/pl\/wp-json\/wp\/v2\/pages\/128\/revisions\/1664"}],"wp:featuredmedia":[{"embeddable":true,"href":"https:\/\/optilo.eu\/pl\/wp-json\/wp\/v2\/media\/758"}],"wp:attachment":[{"href":"https:\/\/optilo.eu\/pl\/wp-json\/wp\/v2\/media?parent=128"}],"curies":[{"name":"wp","href":"https:\/\/api.w.org\/{rel}","templated":true}]}}