{"id":1078,"date":"2015-10-22T13:40:20","date_gmt":"2015-10-22T11:40:20","guid":{"rendered":"http:\/\/betterit.stronazen.pl\/optilo-2\/?page_id=1078"},"modified":"2016-01-15T15:11:28","modified_gmt":"2016-01-15T14:11:28","slug":"pharmacy","status":"publish","type":"page","link":"https:\/\/optilo.eu\/pl\/pharmacy\/","title":{"rendered":"Farmacja"},"content":{"rendered":"<p><strong>\u00a0<\/strong><\/p>\n<p>Podstawowym zadaniem logistyki w farmacji jest szczeg\u00f3lna troska o jako\u015b\u0107 i bezpiecze\u0144stwo produkt\u00f3w leczniczych od chwili ich wytworzenia do momentu przekazania pacjentowi. Operatorzy logistyczny s\u0105 zobowi\u0105zani do przeprowadzenia procesu dystrybucji z uwzgl\u0119dnieniem przedzia\u0142\u00f3w temperaturowych okre\u015blonych dla poszczeg\u00f3lnych preparat\u00f3w. Dodatkowo, powinni wprowadzi\u0107 rozwi\u0105zania pozwalaj\u0105ce na kontrol\u0119 warunk\u00f3w transportu i dostarczy\u0107 pe\u0142n\u0105 informacj\u0119 o przebiegu ca\u0142ego procesu.<\/p>","protected":false},"excerpt":{"rendered":"<p>\u00a0 Podstawowym zadaniem logistyki w farmacji jest szczeg\u00f3lna troska o jako\u015b\u0107 i bezpiecze\u0144stwo produkt\u00f3w leczniczych od chwili ich wytworzenia do momentu przekazania pacjentowi. Operatorzy logistyczny s\u0105 zobowi\u0105zani do przeprowadzenia procesu dystrybucji z uwzgl\u0119dnieniem przedzia\u0142\u00f3w temperaturowych okre\u015blonych dla poszczeg\u00f3lnych preparat\u00f3w. Dodatkowo, powinni wprowadzi\u0107 rozwi\u0105zania pozwalaj\u0105ce na kontrol\u0119 warunk\u00f3w transportu i dostarczy\u0107 pe\u0142n\u0105 informacj\u0119 o przebiegu ca\u0142ego [&hellip;]<\/p>\n","protected":false},"author":1,"featured_media":0,"parent":0,"menu_order":0,"comment_status":"closed","ping_status":"closed","template":"podstrona.php","meta":{"_acf_changed":false,"footnotes":""},"class_list":["post-1078","page","type-page","status-publish","hentry"],"acf":[],"_links":{"self":[{"href":"https:\/\/optilo.eu\/pl\/wp-json\/wp\/v2\/pages\/1078","targetHints":{"allow":["GET"]}}],"collection":[{"href":"https:\/\/optilo.eu\/pl\/wp-json\/wp\/v2\/pages"}],"about":[{"href":"https:\/\/optilo.eu\/pl\/wp-json\/wp\/v2\/types\/page"}],"author":[{"embeddable":true,"href":"https:\/\/optilo.eu\/pl\/wp-json\/wp\/v2\/users\/1"}],"replies":[{"embeddable":true,"href":"https:\/\/optilo.eu\/pl\/wp-json\/wp\/v2\/comments?post=1078"}],"version-history":[{"count":3,"href":"https:\/\/optilo.eu\/pl\/wp-json\/wp\/v2\/pages\/1078\/revisions"}],"predecessor-version":[{"id":1475,"href":"https:\/\/optilo.eu\/pl\/wp-json\/wp\/v2\/pages\/1078\/revisions\/1475"}],"wp:attachment":[{"href":"https:\/\/optilo.eu\/pl\/wp-json\/wp\/v2\/media?parent=1078"}],"curies":[{"name":"wp","href":"https:\/\/api.w.org\/{rel}","templated":true}]}}