{"id":107,"date":"2015-10-06T10:15:11","date_gmt":"2015-10-06T08:15:11","guid":{"rendered":"http:\/\/localhost\/optilo\/?page_id=107"},"modified":"2017-07-19T13:18:08","modified_gmt":"2017-07-19T11:18:08","slug":"consulting","status":"publish","type":"page","link":"https:\/\/optilo.eu\/pl\/consulting\/","title":{"rendered":"Konsulting"},"content":{"rendered":"<p>Efektywny system logistyczny wp\u0142ywa na skuteczno\u015b\u0107 dzia\u0142ania firmy i na jego pozycj\u0119 na rynku. W czasach du\u017cej konkurencji i rosn\u0105cych cen, redukcja koszt\u00f3w w logistyce jest jednym z kluczowych element\u00f3w decyduj\u0105cych o uzyskaniu przewagi na rynku. Logistyka ma wp\u0142yw nie tylko na ekonomik\u0119 przedsi\u0119biorstwa, ale r\u00f3wnie\u017c na poziom obs\u0142ugi Klienta.<\/p>","protected":false},"excerpt":{"rendered":"<p>Efektywny system logistyczny wp\u0142ywa na skuteczno\u015b\u0107 dzia\u0142ania firmy i na jego pozycj\u0119 na rynku. W czasach du\u017cej konkurencji i rosn\u0105cych cen, redukcja koszt\u00f3w w logistyce jest jednym z kluczowych element\u00f3w decyduj\u0105cych o uzyskaniu przewagi na rynku. Logistyka ma wp\u0142yw nie tylko na ekonomik\u0119 przedsi\u0119biorstwa, ale r\u00f3wnie\u017c na poziom obs\u0142ugi Klienta.<\/p>\n","protected":false},"author":1,"featured_media":663,"parent":0,"menu_order":0,"comment_status":"closed","ping_status":"closed","template":"podstrona.php","meta":{"_acf_changed":false,"footnotes":""},"class_list":["post-107","page","type-page","status-publish","has-post-thumbnail","hentry"],"acf":[],"_links":{"self":[{"href":"https:\/\/optilo.eu\/pl\/wp-json\/wp\/v2\/pages\/107","targetHints":{"allow":["GET"]}}],"collection":[{"href":"https:\/\/optilo.eu\/pl\/wp-json\/wp\/v2\/pages"}],"about":[{"href":"https:\/\/optilo.eu\/pl\/wp-json\/wp\/v2\/types\/page"}],"author":[{"embeddable":true,"href":"https:\/\/optilo.eu\/pl\/wp-json\/wp\/v2\/users\/1"}],"replies":[{"embeddable":true,"href":"https:\/\/optilo.eu\/pl\/wp-json\/wp\/v2\/comments?post=107"}],"version-history":[{"count":9,"href":"https:\/\/optilo.eu\/pl\/wp-json\/wp\/v2\/pages\/107\/revisions"}],"predecessor-version":[{"id":1915,"href":"https:\/\/optilo.eu\/pl\/wp-json\/wp\/v2\/pages\/107\/revisions\/1915"}],"wp:featuredmedia":[{"embeddable":true,"href":"https:\/\/optilo.eu\/pl\/wp-json\/wp\/v2\/media\/663"}],"wp:attachment":[{"href":"https:\/\/optilo.eu\/pl\/wp-json\/wp\/v2\/media?parent=107"}],"curies":[{"name":"wp","href":"https:\/\/api.w.org\/{rel}","templated":true}]}}