{"id":106,"date":"2015-10-06T10:15:36","date_gmt":"2015-10-06T08:15:36","guid":{"rendered":"http:\/\/localhost\/optilo\/?page_id=106"},"modified":"2017-07-19T13:01:01","modified_gmt":"2017-07-19T11:01:01","slug":"e-commerce","status":"publish","type":"page","link":"https:\/\/optilo.eu\/pl\/e-commerce\/","title":{"rendered":"E-commerce"},"content":{"rendered":"<p><\/p>\n<h2><strong>Logistyka e-commerce<\/strong> to wyzwanie. Podejmij je razem z nami i rozwijaj sw\u00f3j e-biznes!<\/h2>\n<p>Rosn\u0105ca rola bran\u017cy e-commerce to podstawowy trend, kt\u00f3ry determinuje dzia\u0142ania i plany firm logistycznych na ca\u0142ym \u015bwiecie. Wymaga si\u0119 od operatora logistycznego przede wszystkim du\u017cej elastyczno\u015bci operacyjnej oraz gotowo\u015bci do wprowadzania natychmiastowych zmian w odpowiedzi na oczekiwania Klient\u00f3w. Specyfika logistycznej obs\u0142ugi bran\u017cy e-commerce sprowadza si\u0119 do jak najszybszej realizacji zlecenia. Towary zam\u00f3wione w sieci nie mog\u0105 czeka\u0107.<br \/>\nTrudno jest do ko\u0144ca przewidzie\u0107 zachowania Klient\u00f3w w tej bran\u017cy i dlatego trudno optymalnie planowa\u0107 zasoby &#8211; wykorzystanie odpowiednich narz\u0119dzi znacznie u\u0142atwia realizowa\u0107 za\u0142o\u017cone cele.<\/p>","protected":false},"excerpt":{"rendered":"<p>Logistyka e-commerce to wyzwanie. Podejmij je razem z nami i rozwijaj sw\u00f3j e-biznes! Rosn\u0105ca rola bran\u017cy e-commerce to podstawowy trend, kt\u00f3ry determinuje dzia\u0142ania i plany firm logistycznych na ca\u0142ym \u015bwiecie. Wymaga si\u0119 od operatora logistycznego przede wszystkim du\u017cej elastyczno\u015bci operacyjnej oraz gotowo\u015bci do wprowadzania natychmiastowych zmian w odpowiedzi na oczekiwania Klient\u00f3w. Specyfika logistycznej obs\u0142ugi bran\u017cy [&hellip;]<\/p>\n","protected":false},"author":1,"featured_media":592,"parent":0,"menu_order":0,"comment_status":"closed","ping_status":"closed","template":"podstrona.php","meta":{"_acf_changed":false,"footnotes":""},"class_list":["post-106","page","type-page","status-publish","has-post-thumbnail","hentry"],"acf":[],"_links":{"self":[{"href":"https:\/\/optilo.eu\/pl\/wp-json\/wp\/v2\/pages\/106","targetHints":{"allow":["GET"]}}],"collection":[{"href":"https:\/\/optilo.eu\/pl\/wp-json\/wp\/v2\/pages"}],"about":[{"href":"https:\/\/optilo.eu\/pl\/wp-json\/wp\/v2\/types\/page"}],"author":[{"embeddable":true,"href":"https:\/\/optilo.eu\/pl\/wp-json\/wp\/v2\/users\/1"}],"replies":[{"embeddable":true,"href":"https:\/\/optilo.eu\/pl\/wp-json\/wp\/v2\/comments?post=106"}],"version-history":[{"count":23,"href":"https:\/\/optilo.eu\/pl\/wp-json\/wp\/v2\/pages\/106\/revisions"}],"predecessor-version":[{"id":1909,"href":"https:\/\/optilo.eu\/pl\/wp-json\/wp\/v2\/pages\/106\/revisions\/1909"}],"wp:featuredmedia":[{"embeddable":true,"href":"https:\/\/optilo.eu\/pl\/wp-json\/wp\/v2\/media\/592"}],"wp:attachment":[{"href":"https:\/\/optilo.eu\/pl\/wp-json\/wp\/v2\/media?parent=106"}],"curies":[{"name":"wp","href":"https:\/\/api.w.org\/{rel}","templated":true}]}}