{"id":105,"date":"2015-10-06T10:12:16","date_gmt":"2015-10-06T08:12:16","guid":{"rendered":"http:\/\/localhost\/optilo\/?page_id=105"},"modified":"2017-07-19T13:23:59","modified_gmt":"2017-07-19T11:23:59","slug":"human-resource","status":"publish","type":"page","link":"https:\/\/optilo.eu\/pl\/human-resource\/","title":{"rendered":"Zarz\u0105dzanie zasobami ludzkimi"},"content":{"rendered":"<p>Wielu pracownik\u00f3w traci za du\u017co czasu na podr\u00f3\u017c, poniewa\u017c \u017ale planuj\u0105 swe trasy, wi\u0119cej czasu sp\u0119dzaj\u0105 w samochodzie, ni\u017c u Klienta. Niedopracowany harmonogram odwiedzin, \u017ale dobrane zasoby ludzkie i transportowe to podstawowe problemy os\u00f3b kieruj\u0105cych prac\u0105 przedstawiciela handlowego, czy koordynuj\u0105cych wykonanie us\u0142ugi home delivery.<\/p>","protected":false},"excerpt":{"rendered":"<p>Wielu pracownik\u00f3w traci za du\u017co czasu na podr\u00f3\u017c, poniewa\u017c \u017ale planuj\u0105 swe trasy, wi\u0119cej czasu sp\u0119dzaj\u0105 w samochodzie, ni\u017c u Klienta. Niedopracowany harmonogram odwiedzin, \u017ale dobrane zasoby ludzkie i transportowe to podstawowe problemy os\u00f3b kieruj\u0105cych prac\u0105 przedstawiciela handlowego, czy koordynuj\u0105cych wykonanie us\u0142ugi home delivery.<\/p>\n","protected":false},"author":1,"featured_media":733,"parent":0,"menu_order":0,"comment_status":"closed","ping_status":"closed","template":"podstrona.php","meta":{"_acf_changed":false,"footnotes":""},"class_list":["post-105","page","type-page","status-publish","has-post-thumbnail","hentry"],"acf":[],"_links":{"self":[{"href":"https:\/\/optilo.eu\/pl\/wp-json\/wp\/v2\/pages\/105","targetHints":{"allow":["GET"]}}],"collection":[{"href":"https:\/\/optilo.eu\/pl\/wp-json\/wp\/v2\/pages"}],"about":[{"href":"https:\/\/optilo.eu\/pl\/wp-json\/wp\/v2\/types\/page"}],"author":[{"embeddable":true,"href":"https:\/\/optilo.eu\/pl\/wp-json\/wp\/v2\/users\/1"}],"replies":[{"embeddable":true,"href":"https:\/\/optilo.eu\/pl\/wp-json\/wp\/v2\/comments?post=105"}],"version-history":[{"count":9,"href":"https:\/\/optilo.eu\/pl\/wp-json\/wp\/v2\/pages\/105\/revisions"}],"predecessor-version":[{"id":1919,"href":"https:\/\/optilo.eu\/pl\/wp-json\/wp\/v2\/pages\/105\/revisions\/1919"}],"wp:featuredmedia":[{"embeddable":true,"href":"https:\/\/optilo.eu\/pl\/wp-json\/wp\/v2\/media\/733"}],"wp:attachment":[{"href":"https:\/\/optilo.eu\/pl\/wp-json\/wp\/v2\/media?parent=105"}],"curies":[{"name":"wp","href":"https:\/\/api.w.org\/{rel}","templated":true}]}}