{"id":103,"date":"2015-10-06T10:09:50","date_gmt":"2015-10-06T08:09:50","guid":{"rendered":"http:\/\/localhost\/optilo\/?page_id=103"},"modified":"2017-07-19T13:21:21","modified_gmt":"2017-07-19T11:21:21","slug":"fmcg","status":"publish","type":"page","link":"https:\/\/optilo.eu\/pl\/fmcg\/","title":{"rendered":"Spo\u017cywcza"},"content":{"rendered":"<p>Konieczno\u015b\u0107 codziennego zagwarantowania \u015bwie\u017cych produkt\u00f3w na p\u00f3\u0142kach, zmieniaj\u0105ce si\u0119 preferencje Klienta, sezonowe akcje oraz post\u0119powanie zgodnie z surowymi przepisami to nie lada wyzwanie dla ka\u017cdego przedstawiciela tej bran\u017cy.<br \/>\nTo bran\u017ca, w kt\u00f3rej dokonuje si\u0119 obrotu towarem szybko psuj\u0105cym si\u0119, wymagaj\u0105cym jak najszybszej dostawy do sklep\u00f3w i cz\u0119sto przewozu w temperaturach kontrolowanych.<\/p>","protected":false},"excerpt":{"rendered":"<p>Konieczno\u015b\u0107 codziennego zagwarantowania \u015bwie\u017cych produkt\u00f3w na p\u00f3\u0142kach, zmieniaj\u0105ce si\u0119 preferencje Klienta, sezonowe akcje oraz post\u0119powanie zgodnie z surowymi przepisami to nie lada wyzwanie dla ka\u017cdego przedstawiciela tej bran\u017cy. To bran\u017ca, w kt\u00f3rej dokonuje si\u0119 obrotu towarem szybko psuj\u0105cym si\u0119, wymagaj\u0105cym jak najszybszej dostawy do sklep\u00f3w i cz\u0119sto przewozu w temperaturach kontrolowanych.<\/p>\n","protected":false},"author":1,"featured_media":822,"parent":0,"menu_order":0,"comment_status":"closed","ping_status":"closed","template":"podstrona.php","meta":{"_acf_changed":false,"footnotes":""},"class_list":["post-103","page","type-page","status-publish","has-post-thumbnail","hentry"],"acf":[],"_links":{"self":[{"href":"https:\/\/optilo.eu\/pl\/wp-json\/wp\/v2\/pages\/103","targetHints":{"allow":["GET"]}}],"collection":[{"href":"https:\/\/optilo.eu\/pl\/wp-json\/wp\/v2\/pages"}],"about":[{"href":"https:\/\/optilo.eu\/pl\/wp-json\/wp\/v2\/types\/page"}],"author":[{"embeddable":true,"href":"https:\/\/optilo.eu\/pl\/wp-json\/wp\/v2\/users\/1"}],"replies":[{"embeddable":true,"href":"https:\/\/optilo.eu\/pl\/wp-json\/wp\/v2\/comments?post=103"}],"version-history":[{"count":15,"href":"https:\/\/optilo.eu\/pl\/wp-json\/wp\/v2\/pages\/103\/revisions"}],"predecessor-version":[{"id":1917,"href":"https:\/\/optilo.eu\/pl\/wp-json\/wp\/v2\/pages\/103\/revisions\/1917"}],"wp:featuredmedia":[{"embeddable":true,"href":"https:\/\/optilo.eu\/pl\/wp-json\/wp\/v2\/media\/822"}],"wp:attachment":[{"href":"https:\/\/optilo.eu\/pl\/wp-json\/wp\/v2\/media?parent=103"}],"curies":[{"name":"wp","href":"https:\/\/api.w.org\/{rel}","templated":true}]}}