{"id":102,"date":"2015-10-06T10:09:25","date_gmt":"2015-10-06T08:09:25","guid":{"rendered":"http:\/\/localhost\/optilo\/?page_id=102"},"modified":"2017-07-19T13:05:18","modified_gmt":"2017-07-19T11:05:18","slug":"agriculture","status":"publish","type":"page","link":"https:\/\/optilo.eu\/pl\/agriculture\/","title":{"rendered":"Rolnictwo"},"content":{"rendered":"<p>Wysoki udzia\u0142 koszt\u00f3w transportu, sezonowo\u015b\u0107 produkt\u00f3w, okresy szczytu i przestoju, rozproszenie punkt\u00f3w za\u0142adunku i roz\u0142adunku, wymagania dotycz\u0105ce specjalistycznego taboru, presja czasu, to podstawowe czynniki, kt\u00f3re nale\u017cy bra\u0107 pod uwag\u0119 w \u0142a\u0144cuchu dostaw tej bran\u017cy. Planowanie dostaw, jak i przyj\u0119cia surowca, dostawy drogowe, jak i kolejowe to istotne elementy procesu logistycznego.<\/p>","protected":false},"excerpt":{"rendered":"<p>Wysoki udzia\u0142 koszt\u00f3w transportu, sezonowo\u015b\u0107 produkt\u00f3w, okresy szczytu i przestoju, rozproszenie punkt\u00f3w za\u0142adunku i roz\u0142adunku, wymagania dotycz\u0105ce specjalistycznego taboru, presja czasu, to podstawowe czynniki, kt\u00f3re nale\u017cy bra\u0107 pod uwag\u0119 w \u0142a\u0144cuchu dostaw tej bran\u017cy. Planowanie dostaw, jak i przyj\u0119cia surowca, dostawy drogowe, jak i kolejowe to istotne elementy procesu logistycznego.<\/p>\n","protected":false},"author":1,"featured_media":1058,"parent":0,"menu_order":0,"comment_status":"closed","ping_status":"closed","template":"podstrona.php","meta":{"_acf_changed":false,"footnotes":""},"class_list":["post-102","page","type-page","status-publish","has-post-thumbnail","hentry"],"acf":[],"_links":{"self":[{"href":"https:\/\/optilo.eu\/pl\/wp-json\/wp\/v2\/pages\/102","targetHints":{"allow":["GET"]}}],"collection":[{"href":"https:\/\/optilo.eu\/pl\/wp-json\/wp\/v2\/pages"}],"about":[{"href":"https:\/\/optilo.eu\/pl\/wp-json\/wp\/v2\/types\/page"}],"author":[{"embeddable":true,"href":"https:\/\/optilo.eu\/pl\/wp-json\/wp\/v2\/users\/1"}],"replies":[{"embeddable":true,"href":"https:\/\/optilo.eu\/pl\/wp-json\/wp\/v2\/comments?post=102"}],"version-history":[{"count":16,"href":"https:\/\/optilo.eu\/pl\/wp-json\/wp\/v2\/pages\/102\/revisions"}],"predecessor-version":[{"id":1911,"href":"https:\/\/optilo.eu\/pl\/wp-json\/wp\/v2\/pages\/102\/revisions\/1911"}],"wp:featuredmedia":[{"embeddable":true,"href":"https:\/\/optilo.eu\/pl\/wp-json\/wp\/v2\/media\/1058"}],"wp:attachment":[{"href":"https:\/\/optilo.eu\/pl\/wp-json\/wp\/v2\/media?parent=102"}],"curies":[{"name":"wp","href":"https:\/\/api.w.org\/{rel}","templated":true}]}}