{"id":101,"date":"2015-10-06T10:08:01","date_gmt":"2015-10-06T08:08:01","guid":{"rendered":"http:\/\/localhost\/optilo\/?page_id=101"},"modified":"2017-07-19T13:22:47","modified_gmt":"2017-07-19T11:22:47","slug":"furniture","status":"publish","type":"page","link":"https:\/\/optilo.eu\/pl\/furniture\/","title":{"rendered":"Meble"},"content":{"rendered":"<p>Transport mebli jest jedn\u0105 z najbardziej wymagaj\u0105cych dziedzin us\u0142ug spedycyjnych. Logistycy organizuj\u0105 dostawy tak, by produkcja mebli nie mia\u0142a przestoj\u00f3w oraz by gotowe produkty pojawia\u0142y si\u0119 na czas w sklepach. Ponadto cech\u0105 charakterystyczn\u0105 jest specyficzna organizacja dostaw, gdzie cz\u0119sto mamy do czynienia z us\u0142ug\u0105 wniesienia, szczeg\u00f3lnie przy dostawach do os\u00f3b prywatnych, tutaj nale\u017cy bra\u0107 pod uwag\u0119 dost\u0119pno\u015b\u0107 odbiorc\u00f3w pod wskazanym adresem, zazwyczaj s\u0105 to godziny popo\u0142udniowe a nawet wieczorne, jak te\u017c preferowane przez cz\u0119\u015b\u0107 odbiorc\u00f3w dostawy w soboty. Wymaga do doskona\u0142ego planowania logistyki i zarz\u0105dzania obs\u0142ug\u0105 Klienta.<\/p>","protected":false},"excerpt":{"rendered":"<p>Transport mebli jest jedn\u0105 z najbardziej wymagaj\u0105cych dziedzin us\u0142ug spedycyjnych. Logistycy organizuj\u0105 dostawy tak, by produkcja mebli nie mia\u0142a przestoj\u00f3w oraz by gotowe produkty pojawia\u0142y si\u0119 na czas w sklepach. Ponadto cech\u0105 charakterystyczn\u0105 jest specyficzna organizacja dostaw, gdzie cz\u0119sto mamy do czynienia z us\u0142ug\u0105 wniesienia, szczeg\u00f3lnie przy dostawach do os\u00f3b prywatnych, tutaj nale\u017cy bra\u0107 pod [&hellip;]<\/p>\n","protected":false},"author":1,"featured_media":712,"parent":0,"menu_order":0,"comment_status":"closed","ping_status":"closed","template":"podstrona.php","meta":{"_acf_changed":false,"footnotes":""},"class_list":["post-101","page","type-page","status-publish","has-post-thumbnail","hentry"],"acf":[],"_links":{"self":[{"href":"https:\/\/optilo.eu\/pl\/wp-json\/wp\/v2\/pages\/101","targetHints":{"allow":["GET"]}}],"collection":[{"href":"https:\/\/optilo.eu\/pl\/wp-json\/wp\/v2\/pages"}],"about":[{"href":"https:\/\/optilo.eu\/pl\/wp-json\/wp\/v2\/types\/page"}],"author":[{"embeddable":true,"href":"https:\/\/optilo.eu\/pl\/wp-json\/wp\/v2\/users\/1"}],"replies":[{"embeddable":true,"href":"https:\/\/optilo.eu\/pl\/wp-json\/wp\/v2\/comments?post=101"}],"version-history":[{"count":12,"href":"https:\/\/optilo.eu\/pl\/wp-json\/wp\/v2\/pages\/101\/revisions"}],"predecessor-version":[{"id":1918,"href":"https:\/\/optilo.eu\/pl\/wp-json\/wp\/v2\/pages\/101\/revisions\/1918"}],"wp:featuredmedia":[{"embeddable":true,"href":"https:\/\/optilo.eu\/pl\/wp-json\/wp\/v2\/media\/712"}],"wp:attachment":[{"href":"https:\/\/optilo.eu\/pl\/wp-json\/wp\/v2\/media?parent=101"}],"curies":[{"name":"wp","href":"https:\/\/api.w.org\/{rel}","templated":true}]}}