{"id":100,"date":"2015-10-06T10:07:26","date_gmt":"2015-10-06T08:07:26","guid":{"rendered":"http:\/\/localhost\/optilo\/?page_id=100"},"modified":"2017-07-19T13:11:27","modified_gmt":"2017-07-19T11:11:27","slug":"building","status":"publish","type":"page","link":"https:\/\/optilo.eu\/pl\/building\/","title":{"rendered":"Budownictwo"},"content":{"rendered":"<p>Logistyka w realizacji przedsi\u0119wzi\u0119\u0107 budowlanych ma indywidualny charakter, wynikaj\u0105cy ze specyfiki bran\u017cy budowlanej. Z jednej strony jest to zapewnienie ci\u0105g\u0142o\u015bci prac budowlanych, z drugiej strony minimalizacja koszt\u00f3w zwi\u0105zanych logistyk\u0105. Oba te cele cz\u0119sto si\u0119 rozje\u017cd\u017caj\u0105, a ponadto s\u0105 niejednokrotnie obarczone dodatkowymi problemami wynikaj\u0105cymi ze specyfiki prowadzenia projekt\u00f3w budowlanych (dom\u00f3wienia, uzupe\u0142nienia, przestoje).<\/p>","protected":false},"excerpt":{"rendered":"<p>Logistyka w realizacji przedsi\u0119wzi\u0119\u0107 budowlanych ma indywidualny charakter, wynikaj\u0105cy ze specyfiki bran\u017cy budowlanej. Z jednej strony jest to zapewnienie ci\u0105g\u0142o\u015bci prac budowlanych, z drugiej strony minimalizacja koszt\u00f3w zwi\u0105zanych logistyk\u0105. Oba te cele cz\u0119sto si\u0119 rozje\u017cd\u017caj\u0105, a ponadto s\u0105 niejednokrotnie obarczone dodatkowymi problemami wynikaj\u0105cymi ze specyfiki prowadzenia projekt\u00f3w budowlanych (dom\u00f3wienia, uzupe\u0142nienia, przestoje).<\/p>\n","protected":false},"author":1,"featured_media":509,"parent":0,"menu_order":0,"comment_status":"closed","ping_status":"closed","template":"podstrona.php","meta":{"_acf_changed":false,"footnotes":""},"class_list":["post-100","page","type-page","status-publish","has-post-thumbnail","hentry"],"acf":[],"_links":{"self":[{"href":"https:\/\/optilo.eu\/pl\/wp-json\/wp\/v2\/pages\/100","targetHints":{"allow":["GET"]}}],"collection":[{"href":"https:\/\/optilo.eu\/pl\/wp-json\/wp\/v2\/pages"}],"about":[{"href":"https:\/\/optilo.eu\/pl\/wp-json\/wp\/v2\/types\/page"}],"author":[{"embeddable":true,"href":"https:\/\/optilo.eu\/pl\/wp-json\/wp\/v2\/users\/1"}],"replies":[{"embeddable":true,"href":"https:\/\/optilo.eu\/pl\/wp-json\/wp\/v2\/comments?post=100"}],"version-history":[{"count":14,"href":"https:\/\/optilo.eu\/pl\/wp-json\/wp\/v2\/pages\/100\/revisions"}],"predecessor-version":[{"id":1912,"href":"https:\/\/optilo.eu\/pl\/wp-json\/wp\/v2\/pages\/100\/revisions\/1912"}],"wp:featuredmedia":[{"embeddable":true,"href":"https:\/\/optilo.eu\/pl\/wp-json\/wp\/v2\/media\/509"}],"wp:attachment":[{"href":"https:\/\/optilo.eu\/pl\/wp-json\/wp\/v2\/media?parent=100"}],"curies":[{"name":"wp","href":"https:\/\/api.w.org\/{rel}","templated":true}]}}